{"id":121,"date":"2016-11-09T18:28:21","date_gmt":"2016-11-09T17:28:21","guid":{"rendered":"http:\/\/firmaprawnicza.pl\/en\/?page_id=121"},"modified":"2016-11-09T18:28:21","modified_gmt":"2016-11-09T17:28:21","slug":"pro-bono","status":"publish","type":"page","link":"https:\/\/firmaprawnicza.pl\/en\/about-us\/pro-bono\/","title":{"rendered":"Pro Bono"},"content":{"rendered":"<p>In our firm we believe that being a lawyer is not only a profession, but, above all, a vocation. Therefore, high ethical standards are our guiding principle, to which all members of our team must adhere. At the same time, as persons of public trust we get involved in pro bono activity, helping with pride foundations, including Ba\u0142uckie Dzieci (Children of Ba\u0142uty), Niechciane i Zapomniane (Unwanted and Forgotten), NUR (NUR Foundation), Projekt \u0141\u00f3d\u017a (Project \u0141\u00f3d\u017a), Kardiorytm (Cardiorythm).<\/p>\n<p>In 2010 we were appreciated by Rzeczpospolita, receiving an honourable mention in its ranking Pro Bono as the only legal firm from Lodz.<\/p>\n","protected":false},"excerpt":{"rendered":"<p>In our firm we believe that being a lawyer is not only a profession, but, above all, a vocation. Therefore, high ethical standards are our guiding principle, to which all members of our team must adhere. At the same time, as persons of public trust we get involved in pro bono activity, helping with pride [&hellip;]<\/p>\n","protected":false},"author":9,"featured_media":0,"parent":16,"menu_order":0,"comment_status":"closed","ping_status":"closed","template":"page-o-kancelarii.php","meta":{"footnotes":""},"class_list":["post-121","page","type-page","status-publish","hentry"],"_links":{"self":[{"href":"https:\/\/firmaprawnicza.pl\/en\/wp-json\/wp\/v2\/pages\/121"}],"collection":[{"href":"https:\/\/firmaprawnicza.pl\/en\/wp-json\/wp\/v2\/pages"}],"about":[{"href":"https:\/\/firmaprawnicza.pl\/en\/wp-json\/wp\/v2\/types\/page"}],"author":[{"embeddable":true,"href":"https:\/\/firmaprawnicza.pl\/en\/wp-json\/wp\/v2\/users\/9"}],"replies":[{"embeddable":true,"href":"https:\/\/firmaprawnicza.pl\/en\/wp-json\/wp\/v2\/comments?post=121"}],"version-history":[{"count":1,"href":"https:\/\/firmaprawnicza.pl\/en\/wp-json\/wp\/v2\/pages\/121\/revisions"}],"predecessor-version":[{"id":122,"href":"https:\/\/firmaprawnicza.pl\/en\/wp-json\/wp\/v2\/pages\/121\/revisions\/122"}],"up":[{"embeddable":true,"href":"https:\/\/firmaprawnicza.pl\/en\/wp-json\/wp\/v2\/pages\/16"}],"wp:attachment":[{"href":"https:\/\/firmaprawnicza.pl\/en\/wp-json\/wp\/v2\/media?parent=121"}],"curies":[{"name":"wp","href":"https:\/\/api.w.org\/{rel}","templated":true}]}}